{"id":248,"date":"2022-03-30T10:57:25","date_gmt":"2022-03-30T13:57:25","guid":{"rendered":"http:\/\/portoponto.com.br\/website\/?page_id=248"},"modified":"2022-06-13T12:41:39","modified_gmt":"2022-06-13T15:41:39","slug":"automacao","status":"publish","type":"page","link":"http:\/\/portoponto.com.br\/website\/automacao\/","title":{"rendered":"Automa\u00e7\u00e3o"},"content":{"rendered":"<h2>Utilizamos tecnologia dos melhores fabricantes do marcado Nacional e Internacional para otimizar, integrar e aprimorar o fluxo de trabalho.<\/h2>\n<p>&nbsp;<\/p>\n<div class=\"cols-wrapper cols-2\">\n<div class=\"col\">\n<div><a class=\"lightbox-image\" title=\"\" data-rel=\"lightbox\"><img loading=\"lazy\" decoding=\"async\" class=\"img-frame aligncenter\" src=\"http:\/\/portoponto.com.br\/website\/wp-content\/uploads\/2022\/06\/automacao.png\" width=\"701\" height=\"265\" \/><\/a><\/div>\n<\/div>\n<div class=\"col nomargin\">\n<ul>\n<li>Automa\u00e7\u00e3o Predial, industrial e residencial,\n<ul>\n<li>\u00e1reas de ilumina\u00e7\u00e3o,<\/li>\n<li>cortinas,<\/li>\n<li>exaustores,<\/li>\n<li>irriga\u00e7\u00e3o,<\/li>\n<li>climatiza\u00e7\u00e3o,<\/li>\n<li>controles de reservat\u00f3rios,<\/li>\n<li>tarifa\u00e7\u00f5es de consumo e g\u00e1s,<\/li>\n<li>tarifa\u00e7\u00f5es de consumo de \u00e1gua,<\/li>\n<li>tarifa\u00e7\u00f5es de consumo el\u00e9trico,<\/li>\n<li>e al\u00e9trica em geral.<\/li>\n<\/ul>\n<\/li>\n<\/ul>\n<p>&nbsp;<\/p>\n<\/div>\n<\/div>\n<p>&nbsp;<\/p>\n","protected":false},"excerpt":{"rendered":"<p>Utilizamos tecnologia dos melhores fabricantes do marcado Nacional e Internacional para otimizar, integrar e aprimorar o fluxo de trabalho. &nbsp; [&hellip;]<\/p>\n","protected":false},"author":1,"featured_media":199,"parent":0,"menu_order":0,"comment_status":"closed","ping_status":"closed","template":"","meta":{"footnotes":""},"class_list":["post-248","page","type-page","status-publish","has-post-thumbnail","hentry"],"_links":{"self":[{"href":"http:\/\/portoponto.com.br\/website\/wp-json\/wp\/v2\/pages\/248","targetHints":{"allow":["GET"]}}],"collection":[{"href":"http:\/\/portoponto.com.br\/website\/wp-json\/wp\/v2\/pages"}],"about":[{"href":"http:\/\/portoponto.com.br\/website\/wp-json\/wp\/v2\/types\/page"}],"author":[{"embeddable":true,"href":"http:\/\/portoponto.com.br\/website\/wp-json\/wp\/v2\/users\/1"}],"replies":[{"embeddable":true,"href":"http:\/\/portoponto.com.br\/website\/wp-json\/wp\/v2\/comments?post=248"}],"version-history":[{"count":13,"href":"http:\/\/portoponto.com.br\/website\/wp-json\/wp\/v2\/pages\/248\/revisions"}],"predecessor-version":[{"id":442,"href":"http:\/\/portoponto.com.br\/website\/wp-json\/wp\/v2\/pages\/248\/revisions\/442"}],"wp:featuredmedia":[{"embeddable":true,"href":"http:\/\/portoponto.com.br\/website\/wp-json\/wp\/v2\/media\/199"}],"wp:attachment":[{"href":"http:\/\/portoponto.com.br\/website\/wp-json\/wp\/v2\/media?parent=248"}],"curies":[{"name":"wp","href":"https:\/\/api.w.org\/{rel}","templated":true}]}}