{"id":265,"date":"2022-03-30T13:01:59","date_gmt":"2022-03-30T16:01:59","guid":{"rendered":"http:\/\/portoponto.com.br\/website\/?page_id=265"},"modified":"2022-06-13T13:08:27","modified_gmt":"2022-06-13T16:08:27","slug":"alarmes","status":"publish","type":"page","link":"http:\/\/portoponto.com.br\/website\/alarmes\/","title":{"rendered":"Alarmes"},"content":{"rendered":"<h2>&#8220;Na atualidade os alarmes deixaram de ser somente sinais de alerta.&#8221;<br \/>\nAtrelados a demais sistemas, nos auxiliam no monitoramento e na gest\u00e3o do neg\u00f3cio, al\u00e9m de proteger e alertar.<\/h2>\n<p>&nbsp;<\/p>\n<div class=\"cols-wrapper cols-3\">\n<div class=\"col\">\n<ul>\n<li>Alarmes perimetrais<\/li>\n<li>Alarmes de intrus\u00e3o<\/li>\n<li>Alarmes de p\u00e2nico<\/li>\n<\/ul>\n<\/div>\n<div class=\"col\">\n<p>\u00a0<a class=\"lightbox-image\" title=\"\" data-rel=\"lightbox\"><img loading=\"lazy\" decoding=\"async\" class=\"img-frame \" src=\"http:\/\/portoponto.com.br\/website\/wp-content\/uploads\/2022\/06\/alarme1.png\" width=\"263\" height=\"163\" \/><\/a><\/p>\n<\/div>\n<div class=\"col nomargin\">\n<div><a class=\"lightbox-image\" title=\"\" data-rel=\"lightbox\"><img loading=\"lazy\" decoding=\"async\" class=\"img-frame \" src=\"http:\/\/portoponto.com.br\/website\/wp-content\/uploads\/2022\/06\/alarme2.png\" width=\"236\" height=\"166\" \/><\/a><\/div>\n<\/div>\n<\/div>\n<p>&nbsp;<\/p>\n","protected":false},"excerpt":{"rendered":"<p>&#8220;Na atualidade os alarmes deixaram de ser somente sinais de alerta.&#8221; Atrelados a demais sistemas, nos auxiliam no monitoramento e [&hellip;]<\/p>\n","protected":false},"author":1,"featured_media":0,"parent":0,"menu_order":0,"comment_status":"closed","ping_status":"closed","template":"","meta":{"footnotes":""},"class_list":["post-265","page","type-page","status-publish","hentry"],"_links":{"self":[{"href":"http:\/\/portoponto.com.br\/website\/wp-json\/wp\/v2\/pages\/265","targetHints":{"allow":["GET"]}}],"collection":[{"href":"http:\/\/portoponto.com.br\/website\/wp-json\/wp\/v2\/pages"}],"about":[{"href":"http:\/\/portoponto.com.br\/website\/wp-json\/wp\/v2\/types\/page"}],"author":[{"embeddable":true,"href":"http:\/\/portoponto.com.br\/website\/wp-json\/wp\/v2\/users\/1"}],"replies":[{"embeddable":true,"href":"http:\/\/portoponto.com.br\/website\/wp-json\/wp\/v2\/comments?post=265"}],"version-history":[{"count":6,"href":"http:\/\/portoponto.com.br\/website\/wp-json\/wp\/v2\/pages\/265\/revisions"}],"predecessor-version":[{"id":453,"href":"http:\/\/portoponto.com.br\/website\/wp-json\/wp\/v2\/pages\/265\/revisions\/453"}],"wp:attachment":[{"href":"http:\/\/portoponto.com.br\/website\/wp-json\/wp\/v2\/media?parent=265"}],"curies":[{"name":"wp","href":"https:\/\/api.w.org\/{rel}","templated":true}]}}