{"id":268,"date":"2022-03-30T13:07:16","date_gmt":"2022-03-30T16:07:16","guid":{"rendered":"http:\/\/portoponto.com.br\/website\/?page_id=268"},"modified":"2022-06-13T12:51:00","modified_gmt":"2022-06-13T15:51:00","slug":"cameras-cftvs","status":"publish","type":"page","link":"http:\/\/portoponto.com.br\/website\/cameras-cftvs\/","title":{"rendered":"C\u00e2meras\/CFTVs"},"content":{"rendered":"<h2>Sistemas de c\u00e2meras, muito mais que visualizar e gravar imagens, s\u00e3o fundamentais para o funcionamento, avalia\u00e7\u00e3o e acompanhamento de todos os processos de seguran\u00e7a e automa\u00e7\u00e3o.<\/h2>\n<p>&nbsp;<\/p>\n<div class=\"cols-wrapper cols-2\">\n<div class=\"col\">\n<p>&nbsp;<\/p>\n<p style=\"line-height: 1.7em; border-left: 1px solid #eeeeee; padding: 0px 15px 15px; margin: 0px 0px 0px 30px; color: #555555; font-family: 'Droid Serif', Georgia, 'Times New Roman', Times, serif; font-size: 17px; font-style: italic;\">Dispomos das melhores marcas, com ou sem fios, grava\u00e7\u00e3o em HDD, SD, Nuvem e local.<\/p>\n<p style=\"line-height: 1.7em; border-left: 1px solid #eeeeee; padding: 0px 15px 15px; margin: 0px 0px 0px 30px; color: #555555; font-family: 'Droid Serif', Georgia, 'Times New Roman', Times, serif; font-size: 17px; font-style: italic;\">Acesso local e remoto \u00e0 imagens em tempo real e grava\u00e7\u00f5es.<\/p>\n<\/div>\n<div class=\"col nomargin\">\n<div><a class=\"lightbox-image\" title=\"\" data-rel=\"lightbox\"><img loading=\"lazy\" decoding=\"async\" class=\"img-frame \" src=\"http:\/\/portoponto.com.br\/website\/wp-content\/uploads\/2022\/06\/cftv2.png\" width=\"372\" height=\"223\" \/><\/a><\/div>\n<\/div>\n<\/div>\n<p>&nbsp;<\/p>\n","protected":false},"excerpt":{"rendered":"<p>Sistemas de c\u00e2meras, muito mais que visualizar e gravar imagens, s\u00e3o fundamentais para o funcionamento, avalia\u00e7\u00e3o e acompanhamento de todos [&hellip;]<\/p>\n","protected":false},"author":1,"featured_media":0,"parent":0,"menu_order":0,"comment_status":"closed","ping_status":"closed","template":"","meta":{"footnotes":""},"class_list":["post-268","page","type-page","status-publish","hentry"],"_links":{"self":[{"href":"http:\/\/portoponto.com.br\/website\/wp-json\/wp\/v2\/pages\/268","targetHints":{"allow":["GET"]}}],"collection":[{"href":"http:\/\/portoponto.com.br\/website\/wp-json\/wp\/v2\/pages"}],"about":[{"href":"http:\/\/portoponto.com.br\/website\/wp-json\/wp\/v2\/types\/page"}],"author":[{"embeddable":true,"href":"http:\/\/portoponto.com.br\/website\/wp-json\/wp\/v2\/users\/1"}],"replies":[{"embeddable":true,"href":"http:\/\/portoponto.com.br\/website\/wp-json\/wp\/v2\/comments?post=268"}],"version-history":[{"count":5,"href":"http:\/\/portoponto.com.br\/website\/wp-json\/wp\/v2\/pages\/268\/revisions"}],"predecessor-version":[{"id":447,"href":"http:\/\/portoponto.com.br\/website\/wp-json\/wp\/v2\/pages\/268\/revisions\/447"}],"wp:attachment":[{"href":"http:\/\/portoponto.com.br\/website\/wp-json\/wp\/v2\/media?parent=268"}],"curies":[{"name":"wp","href":"https:\/\/api.w.org\/{rel}","templated":true}]}}