{"id":328,"date":"2022-05-12T17:53:49","date_gmt":"2022-05-12T20:53:49","guid":{"rendered":"http:\/\/portoponto.com.br\/website\/?page_id=328"},"modified":"2022-06-06T12:23:05","modified_gmt":"2022-06-06T15:23:05","slug":"sistemas-de-deteccao-de-incendio","status":"publish","type":"page","link":"http:\/\/portoponto.com.br\/website\/sistemas-de-deteccao-de-incendio\/","title":{"rendered":"Sistemas de detec\u00e7\u00e3o de inc\u00eandio"},"content":{"rendered":"<h2><strong>PPCI<\/strong><\/h2>\n<div><img loading=\"lazy\" decoding=\"async\" class=\"img-frame alignnone\" src=\"http:\/\/portoponto.com.br\/website\/wp-content\/uploads\/2022\/06\/ppci.png\" alt=\"\" width=\"560\" height=\"314\" \/><\/div>\n<p>&nbsp;<\/p>\n<div class=\"cols-wrapper cols-2\">\n<div class=\"col\">\n<h2>\u00a0<strong>Projeto<\/strong><\/h2>\n<blockquote><p>Um Plano de Preven\u00e7\u00e3o e Prote\u00e7\u00e3o contra Inc\u00eandio, o que chamamos de PPCI,\u00a0 \u00a0\u00e9 de responsabilidade do propriet\u00e1rio do empreendimento, seja ele comercial ou residencial. O projeto do mesmo deve ser elaborado por profissional capacitado e deve ser sempre aprovado pelo Corpo de Bombeiros do estado. O objetivo \u00e9 identificar as a\u00e7\u00f5es que devem ser tomadas pelos ocupantes e pelos respons\u00e1veis de seguran\u00e7a em caso de inc\u00eandio ou situa\u00e7\u00e3o de emerg\u00eancia semelhante. Neste aspecto o plano tem que abranger a preven\u00e7\u00e3o, a evacua\u00e7\u00e3o e a pronta respostas a emerg\u00eancias.<\/p><\/blockquote>\n<\/div>\n<div class=\"col nomargin\">\n<h2>\u00a0<strong>Execu\u00e7\u00e3o<\/strong><\/h2>\n<blockquote><p>N\u00f3s da PortoPonto executamos os projetos conforme recebidos, seja ele na \u00e1rea de equipamentos como detectores de fuma\u00e7a, de temperatura, acionadores, sinalizadores, acionadores\u00a0 manuais, m\u00f3dulos para liga\u00e7\u00e3o dos dampers e realizamso todo o acompamhamento qua do da vistoria dos corpo de bombeiros.<\/p><\/blockquote>\n<\/div>\n<\/div>\n<p>&nbsp;<\/p>\n","protected":false},"excerpt":{"rendered":"<p>PPCI &nbsp; \u00a0Projeto Um Plano de Preven\u00e7\u00e3o e Prote\u00e7\u00e3o contra Inc\u00eandio, o que chamamos de PPCI,\u00a0 \u00a0\u00e9 de responsabilidade do [&hellip;]<\/p>\n","protected":false},"author":1,"featured_media":0,"parent":0,"menu_order":0,"comment_status":"closed","ping_status":"closed","template":"","meta":{"footnotes":""},"class_list":["post-328","page","type-page","status-publish","hentry"],"_links":{"self":[{"href":"http:\/\/portoponto.com.br\/website\/wp-json\/wp\/v2\/pages\/328","targetHints":{"allow":["GET"]}}],"collection":[{"href":"http:\/\/portoponto.com.br\/website\/wp-json\/wp\/v2\/pages"}],"about":[{"href":"http:\/\/portoponto.com.br\/website\/wp-json\/wp\/v2\/types\/page"}],"author":[{"embeddable":true,"href":"http:\/\/portoponto.com.br\/website\/wp-json\/wp\/v2\/users\/1"}],"replies":[{"embeddable":true,"href":"http:\/\/portoponto.com.br\/website\/wp-json\/wp\/v2\/comments?post=328"}],"version-history":[{"count":6,"href":"http:\/\/portoponto.com.br\/website\/wp-json\/wp\/v2\/pages\/328\/revisions"}],"predecessor-version":[{"id":404,"href":"http:\/\/portoponto.com.br\/website\/wp-json\/wp\/v2\/pages\/328\/revisions\/404"}],"wp:attachment":[{"href":"http:\/\/portoponto.com.br\/website\/wp-json\/wp\/v2\/media?parent=328"}],"curies":[{"name":"wp","href":"https:\/\/api.w.org\/{rel}","templated":true}]}}