{"id":330,"date":"2022-05-12T17:54:31","date_gmt":"2022-05-12T20:54:31","guid":{"rendered":"http:\/\/portoponto.com.br\/website\/?page_id=330"},"modified":"2022-06-13T12:16:46","modified_gmt":"2022-06-13T15:16:46","slug":"locacoes-e-manutencoes","status":"publish","type":"page","link":"http:\/\/portoponto.com.br\/website\/locacoes-e-manutencoes\/","title":{"rendered":"Loca\u00e7\u00e3o e manuten\u00e7\u00e3o"},"content":{"rendered":"<div class=\"services-wrapper services-boxed-photo cols-wrapper cols-2\"><div class=\"services-box col nomargin\"><div class=\"img-container\"><img decoding=\"async\" src=\"http:\/\/portoponto.com.br\/website\/wp-content\/uploads\/2022\/05\/manutencao_icon-569x379.png\" alt=\"Loca\u00e7\u00e3o e Manuten\u00e7\u00e3o\"\/><\/div><div class=\"services-content\"><div class=\"sc-wraper\"><h3>Loca\u00e7\u00e3o e Manuten\u00e7\u00e3o<\/h3><\/div><\/div><\/div><div class=\"clear\"><\/div><\/div>\n<blockquote>\n<h3>A Portoponto loca todas as tecnologias com exce\u00e7\u00e3o de cabeamento e infaestrutura.<\/h3>\n<h3>Manuten\u00e7\u00e3o de todas as marcas e solu\u00e7\u00f5es atrav\u00e9s de chamadas avulsas e contratos de manuten\u00e7\u00e3o com SLA a ser combinado com o contratante.<\/h3>\n<h3>Fale conosco!<\/h3>\n<\/blockquote>\n","protected":false},"excerpt":{"rendered":"<p>A Portoponto loca todas as tecnologias com exce\u00e7\u00e3o de cabeamento e infaestrutura. Manuten\u00e7\u00e3o de todas as marcas e solu\u00e7\u00f5es atrav\u00e9s [&hellip;]<\/p>\n","protected":false},"author":1,"featured_media":0,"parent":0,"menu_order":0,"comment_status":"closed","ping_status":"closed","template":"","meta":{"footnotes":""},"class_list":["post-330","page","type-page","status-publish","hentry"],"_links":{"self":[{"href":"http:\/\/portoponto.com.br\/website\/wp-json\/wp\/v2\/pages\/330","targetHints":{"allow":["GET"]}}],"collection":[{"href":"http:\/\/portoponto.com.br\/website\/wp-json\/wp\/v2\/pages"}],"about":[{"href":"http:\/\/portoponto.com.br\/website\/wp-json\/wp\/v2\/types\/page"}],"author":[{"embeddable":true,"href":"http:\/\/portoponto.com.br\/website\/wp-json\/wp\/v2\/users\/1"}],"replies":[{"embeddable":true,"href":"http:\/\/portoponto.com.br\/website\/wp-json\/wp\/v2\/comments?post=330"}],"version-history":[{"count":9,"href":"http:\/\/portoponto.com.br\/website\/wp-json\/wp\/v2\/pages\/330\/revisions"}],"predecessor-version":[{"id":437,"href":"http:\/\/portoponto.com.br\/website\/wp-json\/wp\/v2\/pages\/330\/revisions\/437"}],"wp:attachment":[{"href":"http:\/\/portoponto.com.br\/website\/wp-json\/wp\/v2\/media?parent=330"}],"curies":[{"name":"wp","href":"https:\/\/api.w.org\/{rel}","templated":true}]}}